{"id":1937,"date":"2023-10-04T22:11:05","date_gmt":"2023-10-04T20:11:05","guid":{"rendered":"https:\/\/foretgourmande.fr\/?page_id=1937"},"modified":"2024-01-27T21:34:10","modified_gmt":"2024-01-27T20:34:10","slug":"recherche-et-developpement","status":"publish","type":"page","link":"https:\/\/foretgourmande.fr\/index.php\/recherche-et-developpement\/","title":{"rendered":"Recherche et d\u00e9veloppement"},"content":{"rendered":"\n<div data-aos= \"zoom-out\" data-aos-duration=\"400\" data-aos-delay=\"0\" data-aos-easing=\"ease\" data-aos-once=\"true\" class=\"wp-block-uagb-container uagb-block-4e2c6548 alignfull uagb-is-root-container\"><div class=\"uagb-container-inner-blocks-wrap\">\n<div data-aos= \"zoom-in\" data-aos-duration=\"400\" data-aos-delay=\"0\" data-aos-easing=\"ease\" data-aos-once=\"true\" class=\"wp-block-uagb-advanced-heading uagb-block-a2754b75\"><h1 class=\"uagb-heading-text\">CENTRE DE RECHERCHE<\/h1><\/div>\n<\/div><\/div>\n\n\n\n<div class=\"wp-block-uagb-container uagb-block-443dec1f alignfull uagb-is-root-container\"><div class=\"uagb-container-inner-blocks-wrap\">\n<p class=\"has-text-align-center\">En raison de sa mission innovante et de son plan de transmission, la FOR\u00caT GOURMANDE se distingue d&#8217;une entreprise du paysage ou de structures permacoles par une autre sp\u00e9cificit\u00e9 : le d\u00e9veloppement depuis ses origines d&#8217;un travail scientifique transversal. <\/p>\n\n\n\n<p class=\"has-text-align-center\">En effet, <strong>en plus de compter des membres scientifiques<\/strong>, elle collabore avec des chercheurs (INRAE, IRD, CEA&#8230;) ou des partenaires ext\u00e9rieurs, ing\u00e9nieurs, techniciens (Ch\u00e2teau de Meursault, Carbone4, Chambres d&#8217;agriculture&#8230;) pour d\u00e9ployer les projets de recherches et affiner les pratiques, la conception de ces espaces, les techniques de jardinage et d&#8217;agriculture de for\u00eat.<\/p>\n\n\n\n<div class=\"wp-block-uagb-separator uagb-block-5ed7a93e\"><div class=\"wp-block-uagb-separator__inner\" style=\"--my-background-image:\"><\/div><\/div>\n\n\n\n<div data-aos= \"fade\" data-aos-duration=\"400\" data-aos-delay=\"0\" data-aos-easing=\"ease\" data-aos-once=\"true\" class=\"wp-block-uagb-container uagb-block-9bdb8555\">\n<div class=\"wp-block-uagb-info-box uagb-block-a84b2269 uagb-infobox__content-wrap  uagb-infobox-icon-above-title uagb-infobox-image-valign-top\"><div class=\"uagb-ifb-content\"><div class=\"uagb-ifb-icon-wrap\"><svg xmlns=\"https:\/\/www.w3.org\/2000\/svg\" viewBox=\"0 0 512 512\"><path d=\"M256 303.1c26.5 0 48-21.5 48-48S282.5 207.1 256 207.1S208 229.5 208 255.1S229.5 303.1 256 303.1zM213.6 188L142.7 74.71C132.5 58.41 109.9 54.31 95.25 66.75c-44.94 38.1-76.19 91.82-85.17 152.8C7.266 238.7 22.67 255.8 42.01 255.8h133.8C175.8 227.2 191 202.3 213.6 188zM416.8 66.75c-14.67-12.44-37.21-8.338-47.41 7.965L298.4 188c22.6 14.3 37.8 39.2 37.8 67.8h133.8c19.34 0 34.74-17.13 31.93-36.26C492.9 158.6 461.7 104.8 416.8 66.75zM298.4 323.5C286.1 331.2 271.6 335.9 256 335.9s-30.1-4.701-42.4-12.4L142.7 436.9c-10.14 16.21-4.16 38.2 13.32 45.95C186.6 496.4 220.4 504 256 504s69.42-7.611 100-21.18c17.48-7.752 23.46-29.74 13.32-45.95L298.4 323.5z\"><\/path><\/svg><\/div><div class=\"uagb-ifb-title-wrap\"><h3 class=\"uagb-ifb-title\">D\u00e9pollution de sol<\/h3><\/div><p class=\"uagb-ifb-desc\">A partir de modules jardins-for\u00eats en partenariat avec l&#8217;INRAE.<br><br><br><br><br><br><br><br><br><br><br><br><\/p><\/div><\/div>\n<\/div>\n\n\n\n<div data-aos= \"zoom-in\" data-aos-duration=\"400\" data-aos-delay=\"0\" data-aos-easing=\"ease\" data-aos-once=\"true\" class=\"wp-block-uagb-container uagb-block-09eb0f19\">\n<div class=\"wp-block-uagb-info-box uagb-block-80869e2a uagb-infobox__content-wrap  uagb-infobox-icon-above-title uagb-infobox-image-valign-top\"><div class=\"uagb-ifb-content\"><div class=\"uagb-ifb-icon-wrap\"><svg xmlns=\"https:\/\/www.w3.org\/2000\/svg\" viewBox=\"0 0 448 512\"><path d=\"M413.8 447.1L256 448l0 31.99C256 497.7 241.8 512 224.1 512c-17.67 0-32.1-14.32-32.1-31.99l0-31.99l-158.9-.0099c-28.5 0-43.69-34.49-24.69-56.4l68.98-79.59H62.22c-25.41 0-39.15-29.8-22.67-49.13l60.41-70.85H89.21c-21.28 0-32.87-22.5-19.28-37.31l134.8-146.5c10.4-11.3 28.22-11.3 38.62-.0033l134.9 146.5c13.62 14.81 2.001 37.31-19.28 37.31h-10.77l60.35 70.86c16.46 19.34 2.716 49.12-22.68 49.12h-15.2l68.98 79.59C458.7 413.7 443.1 447.1 413.8 447.1z\"><\/path><\/svg><\/div><div class=\"uagb-ifb-title-wrap\"><h3 class=\"uagb-ifb-title\">Nouvelles architectures de jardins<\/h3><\/div><p class=\"uagb-ifb-desc\">R\u00e9sistance des syst\u00e8mes jardins-for\u00eats au stress climatique et aux maladies \u00e9mergentes. <br><br>Essais d&#8217;itin\u00e9raires techniques innovants en plantations ou en semis direct.<br><br><br><\/p><\/div><\/div>\n\n\n\n<div class=\"wp-block-uagb-separator uagb-block-a4dc34b0\"><div class=\"wp-block-uagb-separator__inner\" style=\"--my-background-image:\"><\/div><\/div>\n<\/div>\n\n\n\n<div data-aos= \"zoom-in\" data-aos-duration=\"400\" data-aos-delay=\"0\" data-aos-easing=\"ease\" data-aos-once=\"true\" class=\"wp-block-uagb-container uagb-block-a5f7c2a4\">\n<div class=\"wp-block-uagb-info-box uagb-block-66fd1c1d uagb-infobox__content-wrap  uagb-infobox-icon-above-title uagb-infobox-image-valign-top\"><div class=\"uagb-ifb-content\"><div class=\"uagb-ifb-icon-wrap\"><svg xmlns=\"https:\/\/www.w3.org\/2000\/svg\" viewBox=\"0 0 512 512\"><path d=\"M298.2 156.6C245.5 130.9 183.7 146.1 147.1 189.4l55.27 55.31c6.25 6.25 6.25 16.33 0 22.58c-3.127 3-7.266 4.605-11.39 4.605s-8.068-1.605-11.19-4.605L130.3 217l-128.1 262.8c-2.875 6-3 13.25 0 19.63c5.5 11.12 19 15.75 30 10.38l133.6-65.25L116.7 395.3c-6.377-6.125-6.377-16.38 0-22.5c6.25-6.25 16.37-6.25 22.5 0l56.98 56.98l102-49.89c24-11.63 44.5-31.26 57.13-57.13C385.5 261.1 359.9 186.8 298.2 156.6zM390.2 121.8C409.7 81 399.7 32.88 359.1 0c-50.25 41.75-52.51 107.5-7.875 151.9l8 8C404.5 204.5 470.4 202.3 512 152C479.1 112.3 430.1 102.3 390.2 121.8z\"><\/path><\/svg><\/div><div class=\"uagb-ifb-title-wrap\"><h3 class=\"uagb-ifb-title\">Nouvelles esp\u00e8ces alimentaires<\/h3><\/div><p class=\"uagb-ifb-desc\">Recherche d\u2019une diversit\u00e9 nourrici\u00e8re. Cuisine de ces productions.&nbsp;<br><br><br><br><br><br><br><br><br><br><\/p><\/div><\/div>\n<\/div>\n\n\n\n<div data-aos= \"slide-right\" data-aos-duration=\"400\" data-aos-delay=\"0\" data-aos-easing=\"ease\" data-aos-once=\"true\" class=\"wp-block-uagb-container uagb-block-40cade2f\">\n<div class=\"wp-block-uagb-info-box uagb-block-183fe0d0 uagb-infobox__content-wrap  uagb-infobox-icon-above-title uagb-infobox-image-valign-top\"><div class=\"uagb-ifb-content\"><div class=\"uagb-ifb-icon-wrap\"><svg xmlns=\"https:\/\/www.w3.org\/2000\/svg\" viewBox=\"0 0 576 512\"><path d=\"M448 320H96V192H448V320zM0 176C0 131.8 35.82 96 80 96H464C508.2 96 544 131.8 544 176V192C561.7 192 576 206.3 576 224V288C576 305.7 561.7 320 544 320V336C544 380.2 508.2 416 464 416H80C35.82 416 0 380.2 0 336V176zM80 160C71.16 160 64 167.2 64 176V336C64 344.8 71.16 352 80 352H464C472.8 352 480 344.8 480 336V176C480 167.2 472.8 160 464 160H80z\"><\/path><\/svg><\/div><div class=\"uagb-ifb-title-wrap\"><h3 class=\"uagb-ifb-title\">Stockage carbone<\/h3><\/div><p class=\"uagb-ifb-desc\">Les agrofor\u00eats et jardins for\u00eats sont les seuls types d\u2019agriculture au monde capable de maintenir le couvert arbor\u00e9. <br><br>Depuis 2023, une \u00e9tude scientifique du stockage carbone et d\u2019autres param\u00e8tres \u00e9tudi\u00e9es dans la for\u00eat-gourmande est en cours avec EDF et des scientifiques de l\u2019IRD et de l\u2019INRAE.&nbsp;&nbsp;&nbsp;<br><br><br><br><\/p><\/div><\/div>\n<\/div>\n\n\n\n<div data-aos= \"zoom-in\" data-aos-duration=\"400\" data-aos-delay=\"0\" data-aos-easing=\"ease\" data-aos-once=\"true\" class=\"wp-block-uagb-container uagb-block-bb79c9b7\">\n<div class=\"wp-block-uagb-info-box uagb-block-607e9900 uagb-infobox__content-wrap  uagb-infobox-icon-above-title uagb-infobox-image-valign-top\"><div class=\"uagb-ifb-content\"><div class=\"uagb-ifb-icon-wrap\"><svg xmlns=\"https:\/\/www.w3.org\/2000\/svg\" viewBox=\"0 0 576 512\"><path d=\"M144.1 179.2C173.8 127.7 228.6 96 288 96C347.4 96 402.2 127.7 431.9 179.2L540.4 368C552.7 389.4 537.3 416 512.7 416H63.31C38.7 416 23.31 389.4 35.57 368L144.1 179.2z\"><\/path><\/svg><\/div><div class=\"uagb-ifb-title-wrap\"><h3 class=\"uagb-ifb-title\">Cr\u00e9ation de sols<\/h3><\/div><p class=\"uagb-ifb-desc\">R\u00e9g\u00e9n\u00e9ration, liti\u00e8re foresti\u00e8re, p\u00e9dog\u00e9n\u00e8se acc\u00e9l\u00e9r\u00e9e, autofertilisation gr\u00e2ce \u00e0 la technique de plantation \u00e0 haute densit\u00e9. <br><br>\u00c9tude des changements des param\u00e8tres agronomiques.&nbsp;<br><br><br><br><br><br><br><\/p><\/div><\/div>\n<\/div>\n\n\n\n<div data-aos= \"slide-right\" data-aos-duration=\"400\" data-aos-delay=\"0\" data-aos-easing=\"ease\" data-aos-once=\"true\" class=\"wp-block-uagb-container uagb-block-eb9eb647\">\n<div class=\"wp-block-uagb-info-box uagb-block-d84d69b6 uagb-infobox__content-wrap  uagb-infobox-icon-above-title uagb-infobox-image-valign-top\"><div class=\"uagb-ifb-content\"><div class=\"uagb-ifb-icon-wrap\"><svg xmlns=\"https:\/\/www.w3.org\/2000\/svg\" viewBox=\"0 0 512 512\"><path d=\"M416.1 128.1C407.6 138.3 392.4 138.3 383 128.1C373.7 119.6 373.7 104.4 383 95.03L471 7.029C480.4-2.343 495.6-2.343 504.1 7.029C514.3 16.4 514.3 31.6 504.1 40.97L416.1 128.1zM327.2 230.1L295.3 261.1C323.8 264.7 351.5 277 373.4 298.8L395.1 321.5L373.4 344.1C335.9 381.6 275.1 381.6 237.6 344.1L225.4 331.9L193.5 363.8C221.1 366.5 249.7 378.8 271.5 400.7L294.2 423.3L271.5 445.9C234 483.4 173.3 483.4 135.8 445.9L123.5 433.7L54.63 502.6C42.13 515.1 21.87 515.1 9.372 502.6C-3.124 490.1-3.124 469.9 9.372 457.4L78.29 388.5L67.88 378C30.39 340.6 30.39 279.8 67.88 242.3L90.51 219.6L113.1 242.3C134.1 263.3 146.3 289.7 149.7 317.1L180.1 286.6L169.7 276.2C132.2 238.7 132.2 177.9 169.7 140.5L192.3 117.8L214.1 140.5C235.1 161.4 248.1 187.9 251.5 215.3L281.9 184.8L271.5 174.4C234 136.9 234 76.12 271.5 38.63L294.2 16L316.8 38.63C321.3 43.15 325.4 47.94 329.1 52.93L375 7.03C384.4-2.343 399.6-2.343 408.1 7.03C418.3 16.4 418.3 31.6 408.1 40.97L350.7 99.2C355.9 120.7 355.4 143.2 349.3 164.5C369.6 158.7 391.1 157.1 411.7 162.4L471 103C480.4 93.66 495.6 93.66 504.1 103C514.3 112.4 514.3 127.6 504.1 136.1L458.8 183.2C464.5 187.2 470 191.9 475.2 197L497.8 219.6L475.2 242.3C437.7 279.8 376.9 279.8 339.4 242.3L327.2 230.1z\"><\/path><\/svg><\/div><div class=\"uagb-ifb-title-wrap\"><h3 class=\"uagb-ifb-title\">Cr\u00e9ations vari\u00e9tales et diversit\u00e9 g\u00e9n\u00e9tique<\/h3><\/div><p class=\"uagb-ifb-desc\">Utilisation d&#8217;une diversit\u00e9 g\u00e9n\u00e9tique en esp\u00e8ces, vari\u00e9t\u00e9s, populations, provenances pour constituer les paysages de demain.<br>Pool de g\u00e8nes. Epig\u00e9n\u00e9tique.<br><br><br><br><br><br><br><br><\/p><\/div><\/div>\n<\/div>\n\n\n\n<div class=\"wp-block-uagb-separator uagb-block-6bf01ae6\"><div class=\"wp-block-uagb-separator__inner\" style=\"--my-background-image:\"><\/div><\/div>\n\n\n\n<div data-aos= \"fade\" data-aos-duration=\"400\" data-aos-delay=\"0\" data-aos-easing=\"ease\" data-aos-once=\"true\" class=\"wp-block-uagb-container uagb-block-599531dc\"><\/div>\n\n\n\n<div class=\"wp-block-uagb-container uagb-block-abaf9d6f alignfull uagb-is-root-container\"><div class=\"uagb-container-inner-blocks-wrap\">\n<div class=\"wp-block-uagb-container uagb-block-ab894996\">\n<figure class=\"wp-block-image aligncenter size-large is-resized\"><img loading=\"lazy\" decoding=\"async\" width=\"1024\" height=\"768\" src=\"https:\/\/foretgourmande.fr\/wp-content\/uploads\/2023\/09\/comite-de-chercheurs-1024x768.jpg\" alt=\"\" class=\"wp-image-1894\" style=\"width:360px;height:auto\" srcset=\"https:\/\/foretgourmande.fr\/wp-content\/uploads\/2023\/09\/comite-de-chercheurs-1024x768.jpg 1024w, https:\/\/foretgourmande.fr\/wp-content\/uploads\/2023\/09\/comite-de-chercheurs-300x225.jpg 300w, https:\/\/foretgourmande.fr\/wp-content\/uploads\/2023\/09\/comite-de-chercheurs-768x576.jpg 768w, https:\/\/foretgourmande.fr\/wp-content\/uploads\/2023\/09\/comite-de-chercheurs-1536x1152.jpg 1536w, https:\/\/foretgourmande.fr\/wp-content\/uploads\/2023\/09\/comite-de-chercheurs.jpg 1600w\" sizes=\"auto, (max-width: 1024px) 100vw, 1024px\" \/><figcaption class=\"wp-element-caption\"><em>Francis Martin (INRAE), Alexandre Barr\u00e9 (EDF) et Sonia Henry (INRAE), lors de la pr\u00e9-\u00e9tude stockage de carbone de la For\u00eat gourmande &#8211; juin 2023<\/em><\/figcaption><\/figure>\n<\/div>\n\n\n\n<div class=\"wp-block-uagb-container  animated appear duration2 eds-on-scroll uagb-block-f48a63cd\">\n<div class=\"wp-block-uagb-advanced-heading uagb-block-4c0057f1\"><h2 class=\"uagb-heading-text\">Comit\u00e9 de chercheurs<\/h2><\/div>\n\n\n\n<p class=\"has-text-align-center\" style=\"font-size:16px\">Les penseurs gravitant autour de la For\u00eat Gourmande forment un groupe h\u00e9t\u00e9roclite et \u00e9minent. Il regroupe hommes et femmes de diff\u00e9rents domaines d\u2019expertises, allant de la science \u00e0 la sph\u00e8re artistique.<br>Pareilles pr\u00e9sences permettent de soutenir des projets complexes, arborescents, de les nourrir dans une approche experte et transversale. Le r\u00f4le du comit\u00e9 est aussi de diffuser le concept, d&#8217;apporter des comp\u00e9tences et de formuler des recommandations sur des questions cruciales. <\/p>\n\n\n\n<p class=\"has-text-align-center\" style=\"font-size:16px\">Au del\u00e0 de cette force tranquille, la pr\u00e9sence de ces penseurs est le r\u00e9sultat de tissages longs et de rencontres humaines appr\u00e9ci\u00e9es : une autre production des jardins-for\u00eats.&nbsp;<br>Quelques penseurs : Genevi\u00e8ve MICHON, Sonia HENRY, Francis MARTIN, Fabrice HYBER<\/p>\n<\/div>\n<\/div><\/div>\n<\/div><\/div>\n\n\n\n<div class=\"wp-block-uagb-container uagb-block-cba97a54 alignfull uagb-is-root-container\"><div class=\"uagb-container-inner-blocks-wrap\">\n<div class=\"wp-block-uagb-container uagb-block-bf1793ec\">\n<div class=\"wp-block-uagb-container uagb-block-76f5a212\">\n<div data-aos= \"fade-right\" data-aos-duration=\"400\" data-aos-delay=\"0\" data-aos-easing=\"ease\" data-aos-once=\"true\" class=\"wp-block-uagb-advanced-heading uagb-block-f264069d\"><h3 class=\"uagb-heading-text\">Visite de la <\/h3><\/div>\n\n\n\n<div data-aos= \"fade-right\" data-aos-duration=\"400\" data-aos-delay=\"0\" data-aos-easing=\"ease\" data-aos-once=\"true\" class=\"wp-block-uagb-advanced-heading uagb-block-48df9f24\"><h3 class=\"uagb-heading-text\">For\u00eat Gourmande<\/h3><\/div>\n<\/div>\n<\/div>\n\n\n\n<div class=\"wp-block-uagb-container uagb-block-d84225f3\">\n<div class=\"wp-block-uagb-marketing-button uagb-marketing-btn__align-center uagb-marketing-btn__align-text-center uagb-marketing-btn__icon-after uagb-block-95086b4d wp-block-button  animated fadeIn delay1 duration2 eds-on-scroll\"><a href=\"https:\/\/foretgourmande.fr\/index.php\/visites\/\" class=\"uagb-marketing-btn__link wp-block-button__link\" target=\"\" rel=\"noopener noreferrer\"><span class=\"uagb-marketing-btn__title\">Notre Visite !<\/span><p class=\"uagb-marketing-btn__prefix\"><strong>Visite comment\u00e9e de la For\u00eat Gourmande<\/strong><\/p><\/a><\/div>\n<\/div>\n<\/div><\/div>\n","protected":false},"excerpt":{"rendered":"<p>CENTRE DE RECHERCHE En raison de sa mission innovante et de son plan de transmission, la FOR\u00caT GOURMANDE se distingue d&#8217;une entreprise du paysage ou de structures permacoles par une autre sp\u00e9cificit\u00e9 : le d\u00e9veloppement depuis ses origines d&#8217;un travail scientifique transversal. En effet, en plus de compter des membres scientifiques, elle collabore avec des [&hellip;]<\/p>\n","protected":false},"author":4,"featured_media":0,"parent":0,"menu_order":0,"comment_status":"closed","ping_status":"closed","template":"","meta":{"_uag_custom_page_level_css":"","site-sidebar-layout":"default","site-content-layout":"","ast-site-content-layout":"default","site-content-style":"default","site-sidebar-style":"default","ast-global-header-display":"","ast-banner-title-visibility":"","ast-main-header-display":"","ast-hfb-above-header-display":"","ast-hfb-below-header-display":"","ast-hfb-mobile-header-display":"","site-post-title":"","ast-breadcrumbs-content":"","ast-featured-img":"","footer-sml-layout":"","theme-transparent-header-meta":"","adv-header-id-meta":"","stick-header-meta":"","header-above-stick-meta":"","header-main-stick-meta":"","header-below-stick-meta":"","astra-migrate-meta-layouts":"set","ast-page-background-enabled":"default","ast-page-background-meta":{"desktop":{"background-color":"var(--ast-global-color-4)","background-image":"","background-repeat":"repeat","background-position":"center center","background-size":"auto","background-attachment":"scroll","background-type":"","background-media":"","overlay-type":"","overlay-color":"","overlay-gradient":""},"tablet":{"background-color":"","background-image":"","background-repeat":"repeat","background-position":"center center","background-size":"auto","background-attachment":"scroll","background-type":"","background-media":"","overlay-type":"","overlay-color":"","overlay-gradient":""},"mobile":{"background-color":"","background-image":"","background-repeat":"repeat","background-position":"center center","background-size":"auto","background-attachment":"scroll","background-type":"","background-media":"","overlay-type":"","overlay-color":"","overlay-gradient":""}},"ast-content-background-meta":{"desktop":{"background-color":"var(--ast-global-color-5)","background-image":"","background-repeat":"repeat","background-position":"center center","background-size":"auto","background-attachment":"scroll","background-type":"","background-media":"","overlay-type":"","overlay-color":"","overlay-gradient":""},"tablet":{"background-color":"var(--ast-global-color-5)","background-image":"","background-repeat":"repeat","background-position":"center center","background-size":"auto","background-attachment":"scroll","background-type":"","background-media":"","overlay-type":"","overlay-color":"","overlay-gradient":""},"mobile":{"background-color":"var(--ast-global-color-5)","background-image":"","background-repeat":"repeat","background-position":"center center","background-size":"auto","background-attachment":"scroll","background-type":"","background-media":"","overlay-type":"","overlay-color":"","overlay-gradient":""}},"footnotes":""},"class_list":["post-1937","page","type-page","status-publish","hentry"],"yoast_head":"<!-- This site is optimized with the Yoast SEO plugin v22.1 - https:\/\/yoast.com\/wordpress\/plugins\/seo\/ -->\n<title>Recherche et d\u00e9veloppement - La For\u00eat Gourmande<\/title>\n<meta name=\"robots\" content=\"index, follow, max-snippet:-1, max-image-preview:large, max-video-preview:-1\" \/>\n<link rel=\"canonical\" href=\"https:\/\/foretgourmande.fr\/index.php\/recherche-et-developpement\/\" \/>\n<meta property=\"og:locale\" content=\"fr_FR\" \/>\n<meta property=\"og:type\" content=\"article\" \/>\n<meta property=\"og:title\" content=\"Recherche et d\u00e9veloppement - La For\u00eat Gourmande\" \/>\n<meta property=\"og:description\" content=\"CENTRE DE RECHERCHE En raison de sa mission innovante et de son plan de transmission, la FOR\u00caT GOURMANDE se distingue d&#8217;une entreprise du paysage ou de structures permacoles par une autre sp\u00e9cificit\u00e9 : le d\u00e9veloppement depuis ses origines d&#8217;un travail scientifique transversal. En effet, en plus de compter des membres scientifiques, elle collabore avec des [&hellip;]\" \/>\n<meta property=\"og:url\" content=\"https:\/\/foretgourmande.fr\/index.php\/recherche-et-developpement\/\" \/>\n<meta property=\"og:site_name\" content=\"La For\u00eat Gourmande\" \/>\n<meta property=\"article:modified_time\" content=\"2024-01-27T20:34:10+00:00\" \/>\n<meta property=\"og:image\" content=\"https:\/\/foretgourmande.fr\/wp-content\/uploads\/2023\/09\/comite-de-chercheurs-1024x768.jpg\" \/>\n<meta name=\"twitter:card\" content=\"summary_large_image\" \/>\n<meta name=\"twitter:label1\" content=\"Dur\u00e9e de lecture estim\u00e9e\" \/>\n\t<meta name=\"twitter:data1\" content=\"2 minutes\" \/>\n<script type=\"application\/ld+json\" class=\"yoast-schema-graph\">{\"@context\":\"https:\/\/schema.org\",\"@graph\":[{\"@type\":\"WebPage\",\"@id\":\"https:\/\/foretgourmande.fr\/index.php\/recherche-et-developpement\/\",\"url\":\"https:\/\/foretgourmande.fr\/index.php\/recherche-et-developpement\/\",\"name\":\"Recherche et d\u00e9veloppement - La For\u00eat Gourmande\",\"isPartOf\":{\"@id\":\"https:\/\/foretgourmande.fr\/#website\"},\"datePublished\":\"2023-10-04T20:11:05+00:00\",\"dateModified\":\"2024-01-27T20:34:10+00:00\",\"breadcrumb\":{\"@id\":\"https:\/\/foretgourmande.fr\/index.php\/recherche-et-developpement\/#breadcrumb\"},\"inLanguage\":\"fr-FR\",\"potentialAction\":[{\"@type\":\"ReadAction\",\"target\":[\"https:\/\/foretgourmande.fr\/index.php\/recherche-et-developpement\/\"]}]},{\"@type\":\"BreadcrumbList\",\"@id\":\"https:\/\/foretgourmande.fr\/index.php\/recherche-et-developpement\/#breadcrumb\",\"itemListElement\":[{\"@type\":\"ListItem\",\"position\":1,\"name\":\"Accueil\",\"item\":\"https:\/\/foretgourmande.fr\/\"},{\"@type\":\"ListItem\",\"position\":2,\"name\":\"Recherche et d\u00e9veloppement\"}]},{\"@type\":\"WebSite\",\"@id\":\"https:\/\/foretgourmande.fr\/#website\",\"url\":\"https:\/\/foretgourmande.fr\/\",\"name\":\"La For\u00eat Gourmande\",\"description\":\"\",\"publisher\":{\"@id\":\"https:\/\/foretgourmande.fr\/#organization\"},\"potentialAction\":[{\"@type\":\"SearchAction\",\"target\":{\"@type\":\"EntryPoint\",\"urlTemplate\":\"https:\/\/foretgourmande.fr\/?s={search_term_string}\"},\"query-input\":\"required name=search_term_string\"}],\"inLanguage\":\"fr-FR\"},{\"@type\":\"Organization\",\"@id\":\"https:\/\/foretgourmande.fr\/#organization\",\"name\":\"La For\u00eat Gourmande\",\"url\":\"https:\/\/foretgourmande.fr\/\",\"logo\":{\"@type\":\"ImageObject\",\"inLanguage\":\"fr-FR\",\"@id\":\"https:\/\/foretgourmande.fr\/#\/schema\/logo\/image\/\",\"url\":\"https:\/\/foretgourmande.fr\/wp-content\/uploads\/2023\/09\/logo-1024x1024.png\",\"contentUrl\":\"https:\/\/foretgourmande.fr\/wp-content\/uploads\/2023\/09\/logo-1024x1024.png\",\"width\":1024,\"height\":1024,\"caption\":\"La For\u00eat Gourmande\"},\"image\":{\"@id\":\"https:\/\/foretgourmande.fr\/#\/schema\/logo\/image\/\"}}]}<\/script>\n<!-- \/ Yoast SEO plugin. -->","yoast_head_json":{"title":"Recherche et d\u00e9veloppement - La For\u00eat Gourmande","robots":{"index":"index","follow":"follow","max-snippet":"max-snippet:-1","max-image-preview":"max-image-preview:large","max-video-preview":"max-video-preview:-1"},"canonical":"https:\/\/foretgourmande.fr\/index.php\/recherche-et-developpement\/","og_locale":"fr_FR","og_type":"article","og_title":"Recherche et d\u00e9veloppement - La For\u00eat Gourmande","og_description":"CENTRE DE RECHERCHE En raison de sa mission innovante et de son plan de transmission, la FOR\u00caT GOURMANDE se distingue d&#8217;une entreprise du paysage ou de structures permacoles par une autre sp\u00e9cificit\u00e9 : le d\u00e9veloppement depuis ses origines d&#8217;un travail scientifique transversal. En effet, en plus de compter des membres scientifiques, elle collabore avec des [&hellip;]","og_url":"https:\/\/foretgourmande.fr\/index.php\/recherche-et-developpement\/","og_site_name":"La For\u00eat Gourmande","article_modified_time":"2024-01-27T20:34:10+00:00","og_image":[{"url":"https:\/\/foretgourmande.fr\/wp-content\/uploads\/2023\/09\/comite-de-chercheurs-1024x768.jpg"}],"twitter_card":"summary_large_image","twitter_misc":{"Dur\u00e9e de lecture estim\u00e9e":"2 minutes"},"schema":{"@context":"https:\/\/schema.org","@graph":[{"@type":"WebPage","@id":"https:\/\/foretgourmande.fr\/index.php\/recherche-et-developpement\/","url":"https:\/\/foretgourmande.fr\/index.php\/recherche-et-developpement\/","name":"Recherche et d\u00e9veloppement - La For\u00eat Gourmande","isPartOf":{"@id":"https:\/\/foretgourmande.fr\/#website"},"datePublished":"2023-10-04T20:11:05+00:00","dateModified":"2024-01-27T20:34:10+00:00","breadcrumb":{"@id":"https:\/\/foretgourmande.fr\/index.php\/recherche-et-developpement\/#breadcrumb"},"inLanguage":"fr-FR","potentialAction":[{"@type":"ReadAction","target":["https:\/\/foretgourmande.fr\/index.php\/recherche-et-developpement\/"]}]},{"@type":"BreadcrumbList","@id":"https:\/\/foretgourmande.fr\/index.php\/recherche-et-developpement\/#breadcrumb","itemListElement":[{"@type":"ListItem","position":1,"name":"Accueil","item":"https:\/\/foretgourmande.fr\/"},{"@type":"ListItem","position":2,"name":"Recherche et d\u00e9veloppement"}]},{"@type":"WebSite","@id":"https:\/\/foretgourmande.fr\/#website","url":"https:\/\/foretgourmande.fr\/","name":"La For\u00eat Gourmande","description":"","publisher":{"@id":"https:\/\/foretgourmande.fr\/#organization"},"potentialAction":[{"@type":"SearchAction","target":{"@type":"EntryPoint","urlTemplate":"https:\/\/foretgourmande.fr\/?s={search_term_string}"},"query-input":"required name=search_term_string"}],"inLanguage":"fr-FR"},{"@type":"Organization","@id":"https:\/\/foretgourmande.fr\/#organization","name":"La For\u00eat Gourmande","url":"https:\/\/foretgourmande.fr\/","logo":{"@type":"ImageObject","inLanguage":"fr-FR","@id":"https:\/\/foretgourmande.fr\/#\/schema\/logo\/image\/","url":"https:\/\/foretgourmande.fr\/wp-content\/uploads\/2023\/09\/logo-1024x1024.png","contentUrl":"https:\/\/foretgourmande.fr\/wp-content\/uploads\/2023\/09\/logo-1024x1024.png","width":1024,"height":1024,"caption":"La For\u00eat Gourmande"},"image":{"@id":"https:\/\/foretgourmande.fr\/#\/schema\/logo\/image\/"}}]}},"uagb_featured_image_src":{"full":false,"thumbnail":false,"medium":false,"medium_large":false,"large":false,"1536x1536":false,"2048x2048":false},"uagb_author_info":{"display_name":"hannah_grandjean","author_link":"https:\/\/foretgourmande.fr\/index.php\/author\/hannah_grandjean\/"},"uagb_comment_info":0,"uagb_excerpt":"CENTRE DE RECHERCHE En raison de sa mission innovante et de son plan de transmission, la FOR\u00caT GOURMANDE se distingue d&#8217;une entreprise du paysage ou de structures permacoles par une autre sp\u00e9cificit\u00e9 : le d\u00e9veloppement depuis ses origines d&#8217;un travail scientifique transversal. En effet, en plus de compter des membres scientifiques, elle collabore avec des\u2026","_links":{"self":[{"href":"https:\/\/foretgourmande.fr\/index.php\/wp-json\/wp\/v2\/pages\/1937","targetHints":{"allow":["GET"]}}],"collection":[{"href":"https:\/\/foretgourmande.fr\/index.php\/wp-json\/wp\/v2\/pages"}],"about":[{"href":"https:\/\/foretgourmande.fr\/index.php\/wp-json\/wp\/v2\/types\/page"}],"author":[{"embeddable":true,"href":"https:\/\/foretgourmande.fr\/index.php\/wp-json\/wp\/v2\/users\/4"}],"replies":[{"embeddable":true,"href":"https:\/\/foretgourmande.fr\/index.php\/wp-json\/wp\/v2\/comments?post=1937"}],"version-history":[{"count":0,"href":"https:\/\/foretgourmande.fr\/index.php\/wp-json\/wp\/v2\/pages\/1937\/revisions"}],"wp:attachment":[{"href":"https:\/\/foretgourmande.fr\/index.php\/wp-json\/wp\/v2\/media?parent=1937"}],"curies":[{"name":"wp","href":"https:\/\/api.w.org\/{rel}","templated":true}]}}