{"id":375,"date":"2023-06-29T17:57:19","date_gmt":"2023-06-29T15:57:19","guid":{"rendered":"https:\/\/foretgourmande.fr\/?page_id=375"},"modified":"2024-01-27T20:01:33","modified_gmt":"2024-01-27T19:01:33","slug":"contact","status":"publish","type":"page","link":"https:\/\/foretgourmande.fr\/index.php\/contact\/","title":{"rendered":"CONTACT"},"content":{"rendered":"\n<p><\/p>\n\n\n\n<div class=\"wp-block-uagb-container uagb-block-ed83c820 alignfull uagb-is-root-container\"><div class=\"uagb-container-inner-blocks-wrap\">\n<div data-aos= \"fade-up\" data-aos-duration=\"400\" data-aos-delay=\"0\" data-aos-easing=\"ease\" data-aos-once=\"true\" class=\"wp-block-uagb-advanced-heading uagb-block-36801dc3\"><h1 class=\"uagb-heading-text\">Contactez-Nous<\/h1><\/div>\n<\/div><\/div>\n\n\n\n<div class=\"wp-block-uagb-container uagb-block-7eb48cd9 alignfull uagb-is-root-container\"><div class=\"uagb-container-inner-blocks-wrap\"><\/div><\/div>\n\n\n\n<div class=\"wp-block-uagb-container uagb-block-7f46bfb8 alignfull uagb-is-root-container\"><div class=\"uagb-container-inner-blocks-wrap\">\n<div class=\"wp-block-uagb-advanced-heading uagb-block-4a796c98\"><h6 class=\"uagb-heading-text\">Pour toute demande : <a href=\"mailto:foretgourmande@gmail.com\">foretgourmande@gmail.com<\/a><\/h6><\/div>\n\n\n\n<p class=\"has-text-align-center\">Nous r\u00e9pondons aux questions personnelles des adh\u00e9rent.e.s sous forme d&#8217;une vid\u00e9o questions-r\u00e9ponses publi\u00e9e sur notre cha\u00eene YouTube, une fois par trimestre.<\/p>\n\n\n<\/div><\/div>\n\n\n\n<h6 class=\"wp-block-heading has-text-align-center\"><strong>Nous ne communiquons pas l&#8217;adresse de la For\u00eat Gourmande, le site n&#8217;\u00e9tant&nbsp;pas en visite libre.<\/strong><\/h6>\n","protected":false},"excerpt":{"rendered":"<p>Contactez-Nous Pour toute demande : foretgourmande@gmail.com Nous r\u00e9pondons aux questions personnelles des adh\u00e9rent.e.s sous forme d&#8217;une vid\u00e9o questions-r\u00e9ponses publi\u00e9e sur notre cha\u00eene YouTube, une fois par trimestre. Nous ne communiquons pas l&#8217;adresse de la For\u00eat Gourmande, le site n&#8217;\u00e9tant&nbsp;pas en visite libre.<\/p>\n","protected":false},"author":2,"featured_media":0,"parent":0,"menu_order":0,"comment_status":"closed","ping_status":"closed","template":"","meta":{"_uag_custom_page_level_css":"","site-sidebar-layout":"default","site-content-layout":"","ast-site-content-layout":"default","site-content-style":"default","site-sidebar-style":"default","ast-global-header-display":"","ast-banner-title-visibility":"","ast-main-header-display":"","ast-hfb-above-header-display":"","ast-hfb-below-header-display":"","ast-hfb-mobile-header-display":"","site-post-title":"","ast-breadcrumbs-content":"","ast-featured-img":"","footer-sml-layout":"","theme-transparent-header-meta":"","adv-header-id-meta":"","stick-header-meta":"","header-above-stick-meta":"","header-main-stick-meta":"","header-below-stick-meta":"","astra-migrate-meta-layouts":"set","ast-page-background-enabled":"default","ast-page-background-meta":{"desktop":{"background-color":"var(--ast-global-color-4)","background-image":"","background-repeat":"repeat","background-position":"center center","background-size":"auto","background-attachment":"scroll","background-type":"","background-media":"","overlay-type":"","overlay-color":"","overlay-gradient":""},"tablet":{"background-color":"","background-image":"","background-repeat":"repeat","background-position":"center center","background-size":"auto","background-attachment":"scroll","background-type":"","background-media":"","overlay-type":"","overlay-color":"","overlay-gradient":""},"mobile":{"background-color":"","background-image":"","background-repeat":"repeat","background-position":"center center","background-size":"auto","background-attachment":"scroll","background-type":"","background-media":"","overlay-type":"","overlay-color":"","overlay-gradient":""}},"ast-content-background-meta":{"desktop":{"background-color":"var(--ast-global-color-5)","background-image":"","background-repeat":"repeat","background-position":"center center","background-size":"auto","background-attachment":"scroll","background-type":"","background-media":"","overlay-type":"","overlay-color":"","overlay-gradient":""},"tablet":{"background-color":"var(--ast-global-color-5)","background-image":"","background-repeat":"repeat","background-position":"center center","background-size":"auto","background-attachment":"scroll","background-type":"","background-media":"","overlay-type":"","overlay-color":"","overlay-gradient":""},"mobile":{"background-color":"var(--ast-global-color-5)","background-image":"","background-repeat":"repeat","background-position":"center center","background-size":"auto","background-attachment":"scroll","background-type":"","background-media":"","overlay-type":"","overlay-color":"","overlay-gradient":""}},"footnotes":""},"class_list":["post-375","page","type-page","status-publish","hentry"],"yoast_head":"<!-- This site is optimized with the Yoast SEO plugin v22.1 - https:\/\/yoast.com\/wordpress\/plugins\/seo\/ -->\n<title>CONTACT - La For\u00eat Gourmande<\/title>\n<meta name=\"robots\" content=\"index, follow, max-snippet:-1, max-image-preview:large, max-video-preview:-1\" \/>\n<link rel=\"canonical\" href=\"https:\/\/foretgourmande.fr\/index.php\/contact\/\" \/>\n<meta property=\"og:locale\" content=\"fr_FR\" \/>\n<meta property=\"og:type\" content=\"article\" \/>\n<meta property=\"og:title\" content=\"CONTACT - La For\u00eat Gourmande\" \/>\n<meta property=\"og:description\" content=\"Contactez-Nous Pour toute demande : foretgourmande@gmail.com Nous r\u00e9pondons aux questions personnelles des adh\u00e9rent.e.s sous forme d&#8217;une vid\u00e9o questions-r\u00e9ponses publi\u00e9e sur notre cha\u00eene YouTube, une fois par trimestre. Nous ne communiquons pas l&#8217;adresse de la For\u00eat Gourmande, le site n&#8217;\u00e9tant&nbsp;pas en visite libre.\" \/>\n<meta property=\"og:url\" content=\"https:\/\/foretgourmande.fr\/index.php\/contact\/\" \/>\n<meta property=\"og:site_name\" content=\"La For\u00eat Gourmande\" \/>\n<meta property=\"article:modified_time\" content=\"2024-01-27T19:01:33+00:00\" \/>\n<meta name=\"twitter:card\" content=\"summary_large_image\" \/>\n<script type=\"application\/ld+json\" class=\"yoast-schema-graph\">{\"@context\":\"https:\/\/schema.org\",\"@graph\":[{\"@type\":\"WebPage\",\"@id\":\"https:\/\/foretgourmande.fr\/index.php\/contact\/\",\"url\":\"https:\/\/foretgourmande.fr\/index.php\/contact\/\",\"name\":\"CONTACT - La For\u00eat Gourmande\",\"isPartOf\":{\"@id\":\"https:\/\/foretgourmande.fr\/#website\"},\"datePublished\":\"2023-06-29T15:57:19+00:00\",\"dateModified\":\"2024-01-27T19:01:33+00:00\",\"breadcrumb\":{\"@id\":\"https:\/\/foretgourmande.fr\/index.php\/contact\/#breadcrumb\"},\"inLanguage\":\"fr-FR\",\"potentialAction\":[{\"@type\":\"ReadAction\",\"target\":[\"https:\/\/foretgourmande.fr\/index.php\/contact\/\"]}]},{\"@type\":\"BreadcrumbList\",\"@id\":\"https:\/\/foretgourmande.fr\/index.php\/contact\/#breadcrumb\",\"itemListElement\":[{\"@type\":\"ListItem\",\"position\":1,\"name\":\"Accueil\",\"item\":\"https:\/\/foretgourmande.fr\/\"},{\"@type\":\"ListItem\",\"position\":2,\"name\":\"CONTACT\"}]},{\"@type\":\"WebSite\",\"@id\":\"https:\/\/foretgourmande.fr\/#website\",\"url\":\"https:\/\/foretgourmande.fr\/\",\"name\":\"La For\u00eat Gourmande\",\"description\":\"\",\"publisher\":{\"@id\":\"https:\/\/foretgourmande.fr\/#organization\"},\"potentialAction\":[{\"@type\":\"SearchAction\",\"target\":{\"@type\":\"EntryPoint\",\"urlTemplate\":\"https:\/\/foretgourmande.fr\/?s={search_term_string}\"},\"query-input\":\"required name=search_term_string\"}],\"inLanguage\":\"fr-FR\"},{\"@type\":\"Organization\",\"@id\":\"https:\/\/foretgourmande.fr\/#organization\",\"name\":\"La For\u00eat Gourmande\",\"url\":\"https:\/\/foretgourmande.fr\/\",\"logo\":{\"@type\":\"ImageObject\",\"inLanguage\":\"fr-FR\",\"@id\":\"https:\/\/foretgourmande.fr\/#\/schema\/logo\/image\/\",\"url\":\"https:\/\/foretgourmande.fr\/wp-content\/uploads\/2023\/09\/logo-1024x1024.png\",\"contentUrl\":\"https:\/\/foretgourmande.fr\/wp-content\/uploads\/2023\/09\/logo-1024x1024.png\",\"width\":1024,\"height\":1024,\"caption\":\"La For\u00eat Gourmande\"},\"image\":{\"@id\":\"https:\/\/foretgourmande.fr\/#\/schema\/logo\/image\/\"}}]}<\/script>\n<!-- \/ Yoast SEO plugin. -->","yoast_head_json":{"title":"CONTACT - La For\u00eat Gourmande","robots":{"index":"index","follow":"follow","max-snippet":"max-snippet:-1","max-image-preview":"max-image-preview:large","max-video-preview":"max-video-preview:-1"},"canonical":"https:\/\/foretgourmande.fr\/index.php\/contact\/","og_locale":"fr_FR","og_type":"article","og_title":"CONTACT - La For\u00eat Gourmande","og_description":"Contactez-Nous Pour toute demande : foretgourmande@gmail.com Nous r\u00e9pondons aux questions personnelles des adh\u00e9rent.e.s sous forme d&#8217;une vid\u00e9o questions-r\u00e9ponses publi\u00e9e sur notre cha\u00eene YouTube, une fois par trimestre. Nous ne communiquons pas l&#8217;adresse de la For\u00eat Gourmande, le site n&#8217;\u00e9tant&nbsp;pas en visite libre.","og_url":"https:\/\/foretgourmande.fr\/index.php\/contact\/","og_site_name":"La For\u00eat Gourmande","article_modified_time":"2024-01-27T19:01:33+00:00","twitter_card":"summary_large_image","schema":{"@context":"https:\/\/schema.org","@graph":[{"@type":"WebPage","@id":"https:\/\/foretgourmande.fr\/index.php\/contact\/","url":"https:\/\/foretgourmande.fr\/index.php\/contact\/","name":"CONTACT - La For\u00eat Gourmande","isPartOf":{"@id":"https:\/\/foretgourmande.fr\/#website"},"datePublished":"2023-06-29T15:57:19+00:00","dateModified":"2024-01-27T19:01:33+00:00","breadcrumb":{"@id":"https:\/\/foretgourmande.fr\/index.php\/contact\/#breadcrumb"},"inLanguage":"fr-FR","potentialAction":[{"@type":"ReadAction","target":["https:\/\/foretgourmande.fr\/index.php\/contact\/"]}]},{"@type":"BreadcrumbList","@id":"https:\/\/foretgourmande.fr\/index.php\/contact\/#breadcrumb","itemListElement":[{"@type":"ListItem","position":1,"name":"Accueil","item":"https:\/\/foretgourmande.fr\/"},{"@type":"ListItem","position":2,"name":"CONTACT"}]},{"@type":"WebSite","@id":"https:\/\/foretgourmande.fr\/#website","url":"https:\/\/foretgourmande.fr\/","name":"La For\u00eat Gourmande","description":"","publisher":{"@id":"https:\/\/foretgourmande.fr\/#organization"},"potentialAction":[{"@type":"SearchAction","target":{"@type":"EntryPoint","urlTemplate":"https:\/\/foretgourmande.fr\/?s={search_term_string}"},"query-input":"required name=search_term_string"}],"inLanguage":"fr-FR"},{"@type":"Organization","@id":"https:\/\/foretgourmande.fr\/#organization","name":"La For\u00eat Gourmande","url":"https:\/\/foretgourmande.fr\/","logo":{"@type":"ImageObject","inLanguage":"fr-FR","@id":"https:\/\/foretgourmande.fr\/#\/schema\/logo\/image\/","url":"https:\/\/foretgourmande.fr\/wp-content\/uploads\/2023\/09\/logo-1024x1024.png","contentUrl":"https:\/\/foretgourmande.fr\/wp-content\/uploads\/2023\/09\/logo-1024x1024.png","width":1024,"height":1024,"caption":"La For\u00eat Gourmande"},"image":{"@id":"https:\/\/foretgourmande.fr\/#\/schema\/logo\/image\/"}}]}},"uagb_featured_image_src":{"full":false,"thumbnail":false,"medium":false,"medium_large":false,"large":false,"1536x1536":false,"2048x2048":false},"uagb_author_info":{"display_name":"romeo","author_link":"https:\/\/foretgourmande.fr\/index.php\/author\/romeo\/"},"uagb_comment_info":0,"uagb_excerpt":"Contactez-Nous Pour toute demande : foretgourmande@gmail.com Nous r\u00e9pondons aux questions personnelles des adh\u00e9rent.e.s sous forme d&#8217;une vid\u00e9o questions-r\u00e9ponses publi\u00e9e sur notre cha\u00eene YouTube, une fois par trimestre. Nous ne communiquons pas l&#8217;adresse de la For\u00eat Gourmande, le site n&#8217;\u00e9tant&nbsp;pas en visite libre.","_links":{"self":[{"href":"https:\/\/foretgourmande.fr\/index.php\/wp-json\/wp\/v2\/pages\/375","targetHints":{"allow":["GET"]}}],"collection":[{"href":"https:\/\/foretgourmande.fr\/index.php\/wp-json\/wp\/v2\/pages"}],"about":[{"href":"https:\/\/foretgourmande.fr\/index.php\/wp-json\/wp\/v2\/types\/page"}],"author":[{"embeddable":true,"href":"https:\/\/foretgourmande.fr\/index.php\/wp-json\/wp\/v2\/users\/2"}],"replies":[{"embeddable":true,"href":"https:\/\/foretgourmande.fr\/index.php\/wp-json\/wp\/v2\/comments?post=375"}],"version-history":[{"count":0,"href":"https:\/\/foretgourmande.fr\/index.php\/wp-json\/wp\/v2\/pages\/375\/revisions"}],"wp:attachment":[{"href":"https:\/\/foretgourmande.fr\/index.php\/wp-json\/wp\/v2\/media?parent=375"}],"curies":[{"name":"wp","href":"https:\/\/api.w.org\/{rel}","templated":true}]}}