{"id":437,"date":"2023-06-29T18:30:27","date_gmt":"2023-06-29T16:30:27","guid":{"rendered":"https:\/\/foretgourmande.fr\/?page_id=437"},"modified":"2024-01-27T19:34:09","modified_gmt":"2024-01-27T18:34:09","slug":"marraine","status":"publish","type":"page","link":"https:\/\/foretgourmande.fr\/index.php\/marraine\/","title":{"rendered":"MARRAINE"},"content":{"rendered":"\n<div class=\"wp-block-uagb-container uagb-block-36c4e1e4 alignfull uagb-is-root-container\"><div class=\"uagb-container-inner-blocks-wrap\">\n<div data-aos= \"fade-up\" data-aos-duration=\"400\" data-aos-delay=\"0\" data-aos-easing=\"ease\" data-aos-once=\"true\" class=\"wp-block-uagb-advanced-heading uagb-block-6de34ed6\"><h1 class=\"uagb-heading-text\">MARRAINE<\/h1><\/div>\n<\/div><\/div>\n\n\n\n<div class=\"wp-block-uagb-container uagb-block-269a91c3 alignfull uagb-is-root-container\">\n<div class=\"wp-block-uagb-container uagb-block-17f6e86a\">\n<div class=\"wp-block-uagb-container uagb-block-6b3c75b1\">\n<div class=\"wp-block-uagb-container uagb-block-4270bc92\">\n<div data-aos= \"fade\" data-aos-duration=\"400\" data-aos-delay=\"0\" data-aos-easing=\"ease\" data-aos-once=\"true\" class=\"wp-block-uagb-info-box uagb-block-e666b0f9 uagb-infobox__content-wrap  uagb-infobox-icon-above-title uagb-infobox-image-valign-top\"><div class=\"uagb-ifb-content\"><div class=\"uagb-ifb-image-content\"><img decoding=\"async\" src=\"https:\/\/foretgourmande.fr\/wp-content\/uploads\/2023\/07\/Genevieve-Michon.jpg\" alt=\"\" width=\"350\" height=\"350\" loading=\"lazy\"\/><\/div><div class=\"uagb-ifb-title-wrap\"><h4 class=\"uagb-ifb-title\">Genevi\u00e8ve MICHON<\/h4><\/div><p class=\"uagb-ifb-desc\">Genevi\u00e8ve, une ethnobotaniste et directrice de recherche \u00e0 l&#8217;IRD (Institut de recherche pour le d\u00e9veloppement), se sp\u00e9cialise dans l&#8217;\u00e9tude des connaissances locales li\u00e9es \u00e0 la domestication des for\u00eats ainsi que des interactions sociales et environnementales dans la formation des soci\u00e9t\u00e9s et des espaces forestiers. Son expertise et ses recherches l&#8217;ont amen\u00e9e \u00e0 explorer les pratiques agroforesti\u00e8res \u00e0 travers le monde, allant des ch\u00e2taigneraies corses aux parcs d&#8217;arganiers en passant par les agrofor\u00eats tropicales de Sumatra.<br><br>Dans son ouvrage intitul\u00e9 &#8220;Agriculteurs \u00e0 l&#8217;ombre des for\u00eats du monde&#8221;, publi\u00e9 en 2015 chez Actes Sud, l&#8217;auteur d\u00e9crit des for\u00eats qui ont \u00e9t\u00e9 fa\u00e7onn\u00e9es par les communaut\u00e9s qui les habitent, proposant ainsi une r\u00e9flexion sur une mani\u00e8re alternative d&#8217;envisager notre relation avec le monde.<\/p><\/div><\/div>\n<\/div>\n<\/div>\n<\/div>\n<\/div>\n","protected":false},"excerpt":{"rendered":"<p>MARRAINE<\/p>\n","protected":false},"author":2,"featured_media":0,"parent":0,"menu_order":0,"comment_status":"closed","ping_status":"closed","template":"","meta":{"_uag_custom_page_level_css":"","site-sidebar-layout":"default","site-content-layout":"","ast-site-content-layout":"default","site-content-style":"default","site-sidebar-style":"default","ast-global-header-display":"","ast-banner-title-visibility":"","ast-main-header-display":"","ast-hfb-above-header-display":"","ast-hfb-below-header-display":"","ast-hfb-mobile-header-display":"","site-post-title":"","ast-breadcrumbs-content":"","ast-featured-img":"","footer-sml-layout":"","theme-transparent-header-meta":"","adv-header-id-meta":"","stick-header-meta":"","header-above-stick-meta":"","header-main-stick-meta":"","header-below-stick-meta":"","astra-migrate-meta-layouts":"set","ast-page-background-enabled":"default","ast-page-background-meta":{"desktop":{"background-color":"var(--ast-global-color-4)","background-image":"","background-repeat":"repeat","background-position":"center center","background-size":"auto","background-attachment":"scroll","background-type":"","background-media":"","overlay-type":"","overlay-color":"","overlay-gradient":""},"tablet":{"background-color":"","background-image":"","background-repeat":"repeat","background-position":"center center","background-size":"auto","background-attachment":"scroll","background-type":"","background-media":"","overlay-type":"","overlay-color":"","overlay-gradient":""},"mobile":{"background-color":"","background-image":"","background-repeat":"repeat","background-position":"center center","background-size":"auto","background-attachment":"scroll","background-type":"","background-media":"","overlay-type":"","overlay-color":"","overlay-gradient":""}},"ast-content-background-meta":{"desktop":{"background-color":"var(--ast-global-color-5)","background-image":"","background-repeat":"repeat","background-position":"center center","background-size":"auto","background-attachment":"scroll","background-type":"","background-media":"","overlay-type":"","overlay-color":"","overlay-gradient":""},"tablet":{"background-color":"var(--ast-global-color-5)","background-image":"","background-repeat":"repeat","background-position":"center center","background-size":"auto","background-attachment":"scroll","background-type":"","background-media":"","overlay-type":"","overlay-color":"","overlay-gradient":""},"mobile":{"background-color":"var(--ast-global-color-5)","background-image":"","background-repeat":"repeat","background-position":"center center","background-size":"auto","background-attachment":"scroll","background-type":"","background-media":"","overlay-type":"","overlay-color":"","overlay-gradient":""}},"footnotes":""},"class_list":["post-437","page","type-page","status-publish","hentry"],"yoast_head":"<!-- This site is optimized with the Yoast SEO plugin v22.1 - https:\/\/yoast.com\/wordpress\/plugins\/seo\/ -->\n<title>MARRAINE - La For\u00eat Gourmande<\/title>\n<meta name=\"robots\" content=\"index, follow, max-snippet:-1, max-image-preview:large, max-video-preview:-1\" \/>\n<link rel=\"canonical\" href=\"https:\/\/foretgourmande.fr\/index.php\/marraine\/\" \/>\n<meta property=\"og:locale\" content=\"fr_FR\" \/>\n<meta property=\"og:type\" content=\"article\" \/>\n<meta property=\"og:title\" content=\"MARRAINE - La For\u00eat Gourmande\" \/>\n<meta property=\"og:description\" content=\"MARRAINE\" \/>\n<meta property=\"og:url\" content=\"https:\/\/foretgourmande.fr\/index.php\/marraine\/\" \/>\n<meta property=\"og:site_name\" content=\"La For\u00eat Gourmande\" \/>\n<meta property=\"article:modified_time\" content=\"2024-01-27T18:34:09+00:00\" \/>\n<meta property=\"og:image\" content=\"https:\/\/foretgourmande.fr\/wp-content\/uploads\/2023\/07\/Genevieve-Michon.jpg\" \/>\n<meta name=\"twitter:card\" content=\"summary_large_image\" \/>\n<meta name=\"twitter:label1\" content=\"Dur\u00e9e de lecture estim\u00e9e\" \/>\n\t<meta name=\"twitter:data1\" content=\"1 minute\" \/>\n<script type=\"application\/ld+json\" class=\"yoast-schema-graph\">{\"@context\":\"https:\/\/schema.org\",\"@graph\":[{\"@type\":\"WebPage\",\"@id\":\"https:\/\/foretgourmande.fr\/index.php\/marraine\/\",\"url\":\"https:\/\/foretgourmande.fr\/index.php\/marraine\/\",\"name\":\"MARRAINE - La For\u00eat Gourmande\",\"isPartOf\":{\"@id\":\"https:\/\/foretgourmande.fr\/#website\"},\"datePublished\":\"2023-06-29T16:30:27+00:00\",\"dateModified\":\"2024-01-27T18:34:09+00:00\",\"breadcrumb\":{\"@id\":\"https:\/\/foretgourmande.fr\/index.php\/marraine\/#breadcrumb\"},\"inLanguage\":\"fr-FR\",\"potentialAction\":[{\"@type\":\"ReadAction\",\"target\":[\"https:\/\/foretgourmande.fr\/index.php\/marraine\/\"]}]},{\"@type\":\"BreadcrumbList\",\"@id\":\"https:\/\/foretgourmande.fr\/index.php\/marraine\/#breadcrumb\",\"itemListElement\":[{\"@type\":\"ListItem\",\"position\":1,\"name\":\"Accueil\",\"item\":\"https:\/\/foretgourmande.fr\/\"},{\"@type\":\"ListItem\",\"position\":2,\"name\":\"MARRAINE\"}]},{\"@type\":\"WebSite\",\"@id\":\"https:\/\/foretgourmande.fr\/#website\",\"url\":\"https:\/\/foretgourmande.fr\/\",\"name\":\"La For\u00eat Gourmande\",\"description\":\"\",\"publisher\":{\"@id\":\"https:\/\/foretgourmande.fr\/#organization\"},\"potentialAction\":[{\"@type\":\"SearchAction\",\"target\":{\"@type\":\"EntryPoint\",\"urlTemplate\":\"https:\/\/foretgourmande.fr\/?s={search_term_string}\"},\"query-input\":\"required name=search_term_string\"}],\"inLanguage\":\"fr-FR\"},{\"@type\":\"Organization\",\"@id\":\"https:\/\/foretgourmande.fr\/#organization\",\"name\":\"La For\u00eat Gourmande\",\"url\":\"https:\/\/foretgourmande.fr\/\",\"logo\":{\"@type\":\"ImageObject\",\"inLanguage\":\"fr-FR\",\"@id\":\"https:\/\/foretgourmande.fr\/#\/schema\/logo\/image\/\",\"url\":\"https:\/\/foretgourmande.fr\/wp-content\/uploads\/2023\/09\/logo-1024x1024.png\",\"contentUrl\":\"https:\/\/foretgourmande.fr\/wp-content\/uploads\/2023\/09\/logo-1024x1024.png\",\"width\":1024,\"height\":1024,\"caption\":\"La For\u00eat Gourmande\"},\"image\":{\"@id\":\"https:\/\/foretgourmande.fr\/#\/schema\/logo\/image\/\"}}]}<\/script>\n<!-- \/ Yoast SEO plugin. -->","yoast_head_json":{"title":"MARRAINE - La For\u00eat Gourmande","robots":{"index":"index","follow":"follow","max-snippet":"max-snippet:-1","max-image-preview":"max-image-preview:large","max-video-preview":"max-video-preview:-1"},"canonical":"https:\/\/foretgourmande.fr\/index.php\/marraine\/","og_locale":"fr_FR","og_type":"article","og_title":"MARRAINE - La For\u00eat Gourmande","og_description":"MARRAINE","og_url":"https:\/\/foretgourmande.fr\/index.php\/marraine\/","og_site_name":"La For\u00eat Gourmande","article_modified_time":"2024-01-27T18:34:09+00:00","og_image":[{"url":"https:\/\/foretgourmande.fr\/wp-content\/uploads\/2023\/07\/Genevieve-Michon.jpg"}],"twitter_card":"summary_large_image","twitter_misc":{"Dur\u00e9e de lecture estim\u00e9e":"1 minute"},"schema":{"@context":"https:\/\/schema.org","@graph":[{"@type":"WebPage","@id":"https:\/\/foretgourmande.fr\/index.php\/marraine\/","url":"https:\/\/foretgourmande.fr\/index.php\/marraine\/","name":"MARRAINE - La For\u00eat Gourmande","isPartOf":{"@id":"https:\/\/foretgourmande.fr\/#website"},"datePublished":"2023-06-29T16:30:27+00:00","dateModified":"2024-01-27T18:34:09+00:00","breadcrumb":{"@id":"https:\/\/foretgourmande.fr\/index.php\/marraine\/#breadcrumb"},"inLanguage":"fr-FR","potentialAction":[{"@type":"ReadAction","target":["https:\/\/foretgourmande.fr\/index.php\/marraine\/"]}]},{"@type":"BreadcrumbList","@id":"https:\/\/foretgourmande.fr\/index.php\/marraine\/#breadcrumb","itemListElement":[{"@type":"ListItem","position":1,"name":"Accueil","item":"https:\/\/foretgourmande.fr\/"},{"@type":"ListItem","position":2,"name":"MARRAINE"}]},{"@type":"WebSite","@id":"https:\/\/foretgourmande.fr\/#website","url":"https:\/\/foretgourmande.fr\/","name":"La For\u00eat Gourmande","description":"","publisher":{"@id":"https:\/\/foretgourmande.fr\/#organization"},"potentialAction":[{"@type":"SearchAction","target":{"@type":"EntryPoint","urlTemplate":"https:\/\/foretgourmande.fr\/?s={search_term_string}"},"query-input":"required name=search_term_string"}],"inLanguage":"fr-FR"},{"@type":"Organization","@id":"https:\/\/foretgourmande.fr\/#organization","name":"La For\u00eat Gourmande","url":"https:\/\/foretgourmande.fr\/","logo":{"@type":"ImageObject","inLanguage":"fr-FR","@id":"https:\/\/foretgourmande.fr\/#\/schema\/logo\/image\/","url":"https:\/\/foretgourmande.fr\/wp-content\/uploads\/2023\/09\/logo-1024x1024.png","contentUrl":"https:\/\/foretgourmande.fr\/wp-content\/uploads\/2023\/09\/logo-1024x1024.png","width":1024,"height":1024,"caption":"La For\u00eat Gourmande"},"image":{"@id":"https:\/\/foretgourmande.fr\/#\/schema\/logo\/image\/"}}]}},"uagb_featured_image_src":{"full":false,"thumbnail":false,"medium":false,"medium_large":false,"large":false,"1536x1536":false,"2048x2048":false},"uagb_author_info":{"display_name":"romeo","author_link":"https:\/\/foretgourmande.fr\/index.php\/author\/romeo\/"},"uagb_comment_info":0,"uagb_excerpt":"MARRAINE","_links":{"self":[{"href":"https:\/\/foretgourmande.fr\/index.php\/wp-json\/wp\/v2\/pages\/437","targetHints":{"allow":["GET"]}}],"collection":[{"href":"https:\/\/foretgourmande.fr\/index.php\/wp-json\/wp\/v2\/pages"}],"about":[{"href":"https:\/\/foretgourmande.fr\/index.php\/wp-json\/wp\/v2\/types\/page"}],"author":[{"embeddable":true,"href":"https:\/\/foretgourmande.fr\/index.php\/wp-json\/wp\/v2\/users\/2"}],"replies":[{"embeddable":true,"href":"https:\/\/foretgourmande.fr\/index.php\/wp-json\/wp\/v2\/comments?post=437"}],"version-history":[{"count":0,"href":"https:\/\/foretgourmande.fr\/index.php\/wp-json\/wp\/v2\/pages\/437\/revisions"}],"wp:attachment":[{"href":"https:\/\/foretgourmande.fr\/index.php\/wp-json\/wp\/v2\/media?parent=437"}],"curies":[{"name":"wp","href":"https:\/\/api.w.org\/{rel}","templated":true}]}}