{"id":448,"date":"2023-06-29T18:31:56","date_gmt":"2023-06-29T16:31:56","guid":{"rendered":"https:\/\/foretgourmande.fr\/?page_id=448"},"modified":"2024-01-28T21:49:55","modified_gmt":"2024-01-28T20:49:55","slug":"pepiniere","status":"publish","type":"page","link":"https:\/\/foretgourmande.fr\/index.php\/pepiniere\/","title":{"rendered":"PEPINIERE"},"content":{"rendered":"\n<p><\/p>\n\n\n\n<div class=\"wp-block-uagb-container uagb-block-d7af9fe2 alignfull uagb-is-root-container\"><div class=\"uagb-container-inner-blocks-wrap\">\n<div data-aos= \"fade-up\" data-aos-duration=\"400\" data-aos-delay=\"0\" data-aos-easing=\"ease\" data-aos-once=\"true\" class=\"wp-block-uagb-advanced-heading uagb-block-c12e303e\"><h1 class=\"uagb-heading-text\">La p\u00e9pini\u00e8re<\/h1><\/div>\n<\/div><\/div>\n\n\n\n<div class=\"wp-block-uagb-container uagb-block-4766c58d alignfull uagb-is-root-container\"><div class=\"uagb-container-inner-blocks-wrap\">\n<div data-aos= \"zoom-in\" data-aos-duration=\"400\" data-aos-delay=\"0\" data-aos-easing=\"ease\" data-aos-once=\"true\" class=\"wp-block-uagb-counter uagb-block-b0cf33c3 wp-block-uagb-counter--circle\"><div class=\"wp-block-uagb-counter-circle-container\"><div class=\"wp-block-uagb-counter-circle-container__content\"><div class=\"wp-block-uagb-counter__number\"><span class=\"uagb-counter-block-number\" data-duration=\"1.5\" data-to-value=\"8000\" data-from-value=\"0\" data-delimiter=\" \"><\/span><\/div><div class=\"wp-block-uagb-counter__title\">Plants n\u00e9s<\/div><\/div><svg preserveAspectRatio=\"xMinYMin meet\" viewBox=\"0 0 230 230\" version=\"1.1\" xmlns=\"http:\/\/www.w3.org\/2000\/svg\"><circle class=\"uagb-counter-circle__background\"><\/circle><circle class=\"uagb-counter-circle__progress\"><\/circle><\/svg><\/div><\/div>\n\n\n\n<div data-aos= \"zoom-in\" data-aos-duration=\"400\" data-aos-delay=\"0\" data-aos-easing=\"ease\" data-aos-once=\"true\" class=\"wp-block-uagb-counter uagb-block-394e4bed wp-block-uagb-counter--circle\"><div class=\"wp-block-uagb-counter-circle-container\"><div class=\"wp-block-uagb-counter-circle-container__content\"><div class=\"wp-block-uagb-counter__number\"><span class=\"uagb-counter-block-number\" data-duration=\"1.5\" data-to-value=\"5\" data-from-value=\"0\" data-delimiter=\" \"><\/span><\/div><div class=\"wp-block-uagb-counter__title\">Ann\u00e9es<\/div><\/div><svg preserveAspectRatio=\"xMinYMin meet\" viewBox=\"0 0 230 230\" version=\"1.1\" xmlns=\"http:\/\/www.w3.org\/2000\/svg\"><circle class=\"uagb-counter-circle__background\"><\/circle><circle class=\"uagb-counter-circle__progress\"><\/circle><\/svg><\/div><\/div>\n<\/div><\/div>\n\n\n\n<div class=\"wp-block-uagb-container uagb-block-649810dc alignfull uagb-is-root-container\"><div class=\"uagb-container-inner-blocks-wrap\">\n<div class=\"wp-block-uagb-container uagb-block-756aafca\">\n<div data-aos= \"fade-right\" data-aos-duration=\"400\" data-aos-delay=\"0\" data-aos-easing=\"ease\" data-aos-once=\"true\" class=\"wp-block-uagb-image aligncenter uagb-block-690a9e93 wp-block-uagb-image--layout-default wp-block-uagb-image--effect-zoomin wp-block-uagb-image--align-center\"><figure class=\"wp-block-uagb-image__figure\"><img decoding=\"async\" srcset=\"https:\/\/foretgourmande.fr\/wp-content\/uploads\/2023\/07\/DSC_0904-1024x678.jpg \" sizes=\"auto, (max-width: 480px) 150px\" src=\"https:\/\/foretgourmande.fr\/wp-content\/uploads\/2023\/07\/DSC_0904-1024x678.jpg\" alt=\"\" class=\"uag-image-1088\" width=\"572\" height=\"120\" title=\"\" loading=\"lazy\"\/><\/figure><\/div>\n<\/div>\n\n\n\n<div data-aos= \"fade-left\" data-aos-duration=\"400\" data-aos-delay=\"0\" data-aos-easing=\"ease\" data-aos-once=\"true\" class=\"wp-block-uagb-container uagb-block-000cd8be\">\n<p><strong>POURQUOI ?<\/strong><br><br>Planter des for\u00eats \u00e0 manger, produire des calories alimentaires \u00e0 partir de paysages bois\u00e9s s&#8217;accompagne d&#8217;une multitude de bienfaits (productions alimentaires, retour de la biodiversit\u00e9, protection des sols, att\u00e9nuation des probl\u00e9matiques climatiques\u2026). Cette mission de cr\u00e9ation de for\u00eats \u00e0 manger est soutenue par la production de plants et par notre p\u00e9pini\u00e8re de reforestation. Merci aux m\u00e9c\u00e8nes ayant permis le d\u00e9veloppement de cette cr\u00e8che v\u00e9g\u00e9tale, un des c\u0153urs de la reforestation nourrici\u00e8re. Elle est aussi un espace d\u2019apprentissage essentiel pour le grand public, pour acqu\u00e9rir les comp\u00e9tences n\u00e9cessaires au d\u00e9veloppement \u00e0 moindre co\u00fbt de leur propre micro-p\u00e9pini\u00e8re de reforestation nourrici\u00e8re. Un grand volume de plants est donn\u00e9 chaque ann\u00e9e au profit de projets au service des communs, des projets suivis b\u00e9n\u00e9volement par l&#8217;Association. Ces plants sont utilis\u00e9s dans des projets collectifs \u00e0 vis\u00e9e sociale ou scientifique.<\/p>\n<\/div>\n<\/div><\/div>\n\n\n\n<div class=\"wp-block-uagb-container uagb-block-6a96fbed alignfull uagb-is-root-container\"><div class=\"uagb-container-inner-blocks-wrap\">\n<div class=\"wp-block-uagb-container uagb-block-ec7c8d6e\">\n<p><strong>OBJECTIFS RESUMES DE LA PEPINIERE :<\/strong><br><br>&#8211; Produire des plants rares et strat\u00e9giques sur une petite surface<br>&#8211; Miser pr\u00e9f\u00e9rentiellement sur le semis pour assurer une diversit\u00e9 g\u00e9n\u00e9tique des plants<br>&#8211; D\u00e9velopper des itin\u00e9raires techniques pour la multiplication de plants nourriciers (arbres, arbustes, lianes, herbac\u00e9es terrestres et aquatiques)<br>&#8211; Utiliser des ressources renouvelables (pots recycl\u00e9s, bannissement de la tourbe, ombri\u00e8re vivante)<br>&#8211; \u00catre un espace d&#8217;apprentissages pour visiteurs, b\u00e9n\u00e9voles, stagiaires. <br>&#8211; \u00catre un d\u00e9monstrateur prouvant qu&#8217;une petite surface (ici 200 m\u00b2) permet de produire annuellement et de mani\u00e8re participative des milliers de plants. C&#8217;est un joyeux exemple transposable aux jardins for\u00eats communaux.<br>&#8211; \u00catre une initiative inspirante document\u00e9e dans les m\u00e9dias ou les supports d&#8217;enseignements d\u00e9velopp\u00e9s par l&#8217;association.<br>&#8211; Donner des plants \u00e0 des projets citoyens<\/p>\n<\/div>\n\n\n\n<div class=\"wp-block-uagb-container uagb-block-f15d86c7\">\n<div data-aos= \"fade-left\" data-aos-duration=\"400\" data-aos-delay=\"0\" data-aos-easing=\"ease\" data-aos-once=\"true\" class=\"wp-block-uagb-image aligncenter uagb-block-e2f2e3b3 wp-block-uagb-image--layout-default wp-block-uagb-image--effect-zoomin wp-block-uagb-image--align-center\"><figure class=\"wp-block-uagb-image__figure\"><img decoding=\"async\" srcset=\"https:\/\/foretgourmande.fr\/wp-content\/uploads\/2024\/01\/pepi-2_-1.jpeg ,https:\/\/foretgourmande.fr\/wp-content\/uploads\/2024\/01\/pepi-2_-1.jpeg 780w, https:\/\/foretgourmande.fr\/wp-content\/uploads\/2024\/01\/pepi-2_-1.jpeg 360w\" sizes=\"auto, (max-width: 480px) 150px\" src=\"https:\/\/foretgourmande.fr\/wp-content\/uploads\/2024\/01\/pepi-2_-1.jpeg\" alt=\"\" class=\"uag-image-2569\" width=\"1024\" height=\"768\" title=\"\" loading=\"lazy\"\/><\/figure><\/div>\n<\/div>\n<\/div><\/div>\n\n\n\n<div class=\"wp-block-uagb-container uagb-block-a0405cb1 alignfull uagb-is-root-container\"><div class=\"uagb-container-inner-blocks-wrap\">\n<div class=\"wp-block-uagb-container uagb-block-5961e61d\">\n<div data-aos= \"slide-right\" data-aos-duration=\"400\" data-aos-delay=\"0\" data-aos-easing=\"ease\" data-aos-once=\"true\" class=\"wp-block-uagb-image aligncenter uagb-block-736bbbd0 wp-block-uagb-image--layout-default wp-block-uagb-image--effect-zoomin wp-block-uagb-image--align-center\"><figure class=\"wp-block-uagb-image__figure\"><img decoding=\"async\" srcset=\"https:\/\/foretgourmande.fr\/wp-content\/uploads\/2024\/01\/chenes-ballotes_.jpg ,https:\/\/foretgourmande.fr\/wp-content\/uploads\/2024\/01\/chenes-ballotes_.jpg 780w, https:\/\/foretgourmande.fr\/wp-content\/uploads\/2024\/01\/chenes-ballotes_.jpg 360w\" sizes=\"auto, (max-width: 480px) 150px\" src=\"https:\/\/foretgourmande.fr\/wp-content\/uploads\/2024\/01\/chenes-ballotes_.jpg\" alt=\"\" class=\"uag-image-2634\" width=\"447\" height=\"520\" title=\"\" loading=\"lazy\"\/><\/figure><\/div>\n<\/div>\n\n\n\n<div data-aos= \"fade-left\" data-aos-duration=\"400\" data-aos-delay=\"0\" data-aos-easing=\"ease\" data-aos-once=\"true\" class=\"wp-block-uagb-container uagb-block-4428e09f\">\n<p><strong>EXEMPLES D&#8217;ESPECES MULTIPLIEES : <\/strong><br><br>Manguier du Nord (Asimina triloba), liane-endive (Ak\u00e9bia spp.), pacanier (Carya spp.), arbre aux concombres (Halesia carolina), arbre-salade (Toona sinensis), baies aux 5 saveurs (Schisandra chinensis), gingembre rustique (Zingiber mioga)\u2026<\/p>\n\n\n\n<p><strong>QUELQUES PARTICULARITES :<\/strong><br><br>&#8211; Bannissement de la tourbe pour la pr\u00e9servation des tourbi\u00e8res<br>&#8211; Ombri\u00e8re vivante avec des trognes d&#8217;aulnes et de saules<br>&#8211; Mycorhization naturelle des semis par du levain de for\u00eat<\/p>\n<\/div>\n<\/div><\/div>\n\n\n\n<div class=\"wp-block-uagb-container uagb-block-3fdc8275 alignfull uagb-is-root-container\"><div class=\"uagb-container-inner-blocks-wrap\">\n<p class=\"has-text-align-center\"><strong>Prenez contact avec nous \u00e0 l&#8217;adresse foretgourmande@gmail.com<\/strong><br><strong>si vous avez besoin de plants pour un projet collectif au service des communs !<\/strong><\/p>\n<\/div><\/div>\n","protected":false},"excerpt":{"rendered":"<p>La p\u00e9pini\u00e8re POURQUOI ? Planter des for\u00eats \u00e0 manger, produire des calories alimentaires \u00e0 partir de paysages bois\u00e9s s&#8217;accompagne d&#8217;une multitude de bienfaits (productions alimentaires, retour de la biodiversit\u00e9, protection des sols, att\u00e9nuation des probl\u00e9matiques climatiques\u2026). Cette mission de cr\u00e9ation de for\u00eats \u00e0 manger est soutenue par la production de plants et par notre p\u00e9pini\u00e8re [&hellip;]<\/p>\n","protected":false},"author":2,"featured_media":0,"parent":0,"menu_order":0,"comment_status":"closed","ping_status":"closed","template":"","meta":{"_uag_custom_page_level_css":"","site-sidebar-layout":"default","site-content-layout":"","ast-site-content-layout":"default","site-content-style":"default","site-sidebar-style":"default","ast-global-header-display":"","ast-banner-title-visibility":"","ast-main-header-display":"","ast-hfb-above-header-display":"","ast-hfb-below-header-display":"","ast-hfb-mobile-header-display":"","site-post-title":"","ast-breadcrumbs-content":"","ast-featured-img":"","footer-sml-layout":"","theme-transparent-header-meta":"","adv-header-id-meta":"","stick-header-meta":"","header-above-stick-meta":"","header-main-stick-meta":"","header-below-stick-meta":"","astra-migrate-meta-layouts":"set","ast-page-background-enabled":"default","ast-page-background-meta":{"desktop":{"background-color":"var(--ast-global-color-4)","background-image":"","background-repeat":"repeat","background-position":"center center","background-size":"auto","background-attachment":"scroll","background-type":"","background-media":"","overlay-type":"","overlay-color":"","overlay-gradient":""},"tablet":{"background-color":"","background-image":"","background-repeat":"repeat","background-position":"center center","background-size":"auto","background-attachment":"scroll","background-type":"","background-media":"","overlay-type":"","overlay-color":"","overlay-gradient":""},"mobile":{"background-color":"","background-image":"","background-repeat":"repeat","background-position":"center center","background-size":"auto","background-attachment":"scroll","background-type":"","background-media":"","overlay-type":"","overlay-color":"","overlay-gradient":""}},"ast-content-background-meta":{"desktop":{"background-color":"var(--ast-global-color-5)","background-image":"","background-repeat":"repeat","background-position":"center center","background-size":"auto","background-attachment":"scroll","background-type":"","background-media":"","overlay-type":"","overlay-color":"","overlay-gradient":""},"tablet":{"background-color":"var(--ast-global-color-5)","background-image":"","background-repeat":"repeat","background-position":"center center","background-size":"auto","background-attachment":"scroll","background-type":"","background-media":"","overlay-type":"","overlay-color":"","overlay-gradient":""},"mobile":{"background-color":"var(--ast-global-color-5)","background-image":"","background-repeat":"repeat","background-position":"center center","background-size":"auto","background-attachment":"scroll","background-type":"","background-media":"","overlay-type":"","overlay-color":"","overlay-gradient":""}},"footnotes":""},"class_list":["post-448","page","type-page","status-publish","hentry"],"yoast_head":"<!-- This site is optimized with the Yoast SEO plugin v22.1 - https:\/\/yoast.com\/wordpress\/plugins\/seo\/ -->\n<title>PEPINIERE - La For\u00eat Gourmande<\/title>\n<meta name=\"robots\" content=\"index, follow, max-snippet:-1, max-image-preview:large, max-video-preview:-1\" \/>\n<link rel=\"canonical\" href=\"https:\/\/foretgourmande.fr\/index.php\/pepiniere\/\" \/>\n<meta property=\"og:locale\" content=\"fr_FR\" \/>\n<meta property=\"og:type\" content=\"article\" \/>\n<meta property=\"og:title\" content=\"PEPINIERE - La For\u00eat Gourmande\" \/>\n<meta property=\"og:description\" content=\"La p\u00e9pini\u00e8re POURQUOI ? Planter des for\u00eats \u00e0 manger, produire des calories alimentaires \u00e0 partir de paysages bois\u00e9s s&#8217;accompagne d&#8217;une multitude de bienfaits (productions alimentaires, retour de la biodiversit\u00e9, protection des sols, att\u00e9nuation des probl\u00e9matiques climatiques\u2026). Cette mission de cr\u00e9ation de for\u00eats \u00e0 manger est soutenue par la production de plants et par notre p\u00e9pini\u00e8re [&hellip;]\" \/>\n<meta property=\"og:url\" content=\"https:\/\/foretgourmande.fr\/index.php\/pepiniere\/\" \/>\n<meta property=\"og:site_name\" content=\"La For\u00eat Gourmande\" \/>\n<meta property=\"article:modified_time\" content=\"2024-01-28T20:49:55+00:00\" \/>\n<meta property=\"og:image\" content=\"https:\/\/foretgourmande.fr\/wp-content\/uploads\/2023\/07\/DSC_0904-1024x678.jpg\" \/>\n<meta name=\"twitter:card\" content=\"summary_large_image\" \/>\n<meta name=\"twitter:label1\" content=\"Dur\u00e9e de lecture estim\u00e9e\" \/>\n\t<meta name=\"twitter:data1\" content=\"2 minutes\" \/>\n<script type=\"application\/ld+json\" class=\"yoast-schema-graph\">{\"@context\":\"https:\/\/schema.org\",\"@graph\":[{\"@type\":\"WebPage\",\"@id\":\"https:\/\/foretgourmande.fr\/index.php\/pepiniere\/\",\"url\":\"https:\/\/foretgourmande.fr\/index.php\/pepiniere\/\",\"name\":\"PEPINIERE - La For\u00eat Gourmande\",\"isPartOf\":{\"@id\":\"https:\/\/foretgourmande.fr\/#website\"},\"datePublished\":\"2023-06-29T16:31:56+00:00\",\"dateModified\":\"2024-01-28T20:49:55+00:00\",\"breadcrumb\":{\"@id\":\"https:\/\/foretgourmande.fr\/index.php\/pepiniere\/#breadcrumb\"},\"inLanguage\":\"fr-FR\",\"potentialAction\":[{\"@type\":\"ReadAction\",\"target\":[\"https:\/\/foretgourmande.fr\/index.php\/pepiniere\/\"]}]},{\"@type\":\"BreadcrumbList\",\"@id\":\"https:\/\/foretgourmande.fr\/index.php\/pepiniere\/#breadcrumb\",\"itemListElement\":[{\"@type\":\"ListItem\",\"position\":1,\"name\":\"Accueil\",\"item\":\"https:\/\/foretgourmande.fr\/\"},{\"@type\":\"ListItem\",\"position\":2,\"name\":\"PEPINIERE\"}]},{\"@type\":\"WebSite\",\"@id\":\"https:\/\/foretgourmande.fr\/#website\",\"url\":\"https:\/\/foretgourmande.fr\/\",\"name\":\"La For\u00eat Gourmande\",\"description\":\"\",\"publisher\":{\"@id\":\"https:\/\/foretgourmande.fr\/#organization\"},\"potentialAction\":[{\"@type\":\"SearchAction\",\"target\":{\"@type\":\"EntryPoint\",\"urlTemplate\":\"https:\/\/foretgourmande.fr\/?s={search_term_string}\"},\"query-input\":\"required name=search_term_string\"}],\"inLanguage\":\"fr-FR\"},{\"@type\":\"Organization\",\"@id\":\"https:\/\/foretgourmande.fr\/#organization\",\"name\":\"La For\u00eat Gourmande\",\"url\":\"https:\/\/foretgourmande.fr\/\",\"logo\":{\"@type\":\"ImageObject\",\"inLanguage\":\"fr-FR\",\"@id\":\"https:\/\/foretgourmande.fr\/#\/schema\/logo\/image\/\",\"url\":\"https:\/\/foretgourmande.fr\/wp-content\/uploads\/2023\/09\/logo-1024x1024.png\",\"contentUrl\":\"https:\/\/foretgourmande.fr\/wp-content\/uploads\/2023\/09\/logo-1024x1024.png\",\"width\":1024,\"height\":1024,\"caption\":\"La For\u00eat Gourmande\"},\"image\":{\"@id\":\"https:\/\/foretgourmande.fr\/#\/schema\/logo\/image\/\"}}]}<\/script>\n<!-- \/ Yoast SEO plugin. -->","yoast_head_json":{"title":"PEPINIERE - La For\u00eat Gourmande","robots":{"index":"index","follow":"follow","max-snippet":"max-snippet:-1","max-image-preview":"max-image-preview:large","max-video-preview":"max-video-preview:-1"},"canonical":"https:\/\/foretgourmande.fr\/index.php\/pepiniere\/","og_locale":"fr_FR","og_type":"article","og_title":"PEPINIERE - La For\u00eat Gourmande","og_description":"La p\u00e9pini\u00e8re POURQUOI ? Planter des for\u00eats \u00e0 manger, produire des calories alimentaires \u00e0 partir de paysages bois\u00e9s s&#8217;accompagne d&#8217;une multitude de bienfaits (productions alimentaires, retour de la biodiversit\u00e9, protection des sols, att\u00e9nuation des probl\u00e9matiques climatiques\u2026). Cette mission de cr\u00e9ation de for\u00eats \u00e0 manger est soutenue par la production de plants et par notre p\u00e9pini\u00e8re [&hellip;]","og_url":"https:\/\/foretgourmande.fr\/index.php\/pepiniere\/","og_site_name":"La For\u00eat Gourmande","article_modified_time":"2024-01-28T20:49:55+00:00","og_image":[{"url":"https:\/\/foretgourmande.fr\/wp-content\/uploads\/2023\/07\/DSC_0904-1024x678.jpg"}],"twitter_card":"summary_large_image","twitter_misc":{"Dur\u00e9e de lecture estim\u00e9e":"2 minutes"},"schema":{"@context":"https:\/\/schema.org","@graph":[{"@type":"WebPage","@id":"https:\/\/foretgourmande.fr\/index.php\/pepiniere\/","url":"https:\/\/foretgourmande.fr\/index.php\/pepiniere\/","name":"PEPINIERE - La For\u00eat Gourmande","isPartOf":{"@id":"https:\/\/foretgourmande.fr\/#website"},"datePublished":"2023-06-29T16:31:56+00:00","dateModified":"2024-01-28T20:49:55+00:00","breadcrumb":{"@id":"https:\/\/foretgourmande.fr\/index.php\/pepiniere\/#breadcrumb"},"inLanguage":"fr-FR","potentialAction":[{"@type":"ReadAction","target":["https:\/\/foretgourmande.fr\/index.php\/pepiniere\/"]}]},{"@type":"BreadcrumbList","@id":"https:\/\/foretgourmande.fr\/index.php\/pepiniere\/#breadcrumb","itemListElement":[{"@type":"ListItem","position":1,"name":"Accueil","item":"https:\/\/foretgourmande.fr\/"},{"@type":"ListItem","position":2,"name":"PEPINIERE"}]},{"@type":"WebSite","@id":"https:\/\/foretgourmande.fr\/#website","url":"https:\/\/foretgourmande.fr\/","name":"La For\u00eat Gourmande","description":"","publisher":{"@id":"https:\/\/foretgourmande.fr\/#organization"},"potentialAction":[{"@type":"SearchAction","target":{"@type":"EntryPoint","urlTemplate":"https:\/\/foretgourmande.fr\/?s={search_term_string}"},"query-input":"required name=search_term_string"}],"inLanguage":"fr-FR"},{"@type":"Organization","@id":"https:\/\/foretgourmande.fr\/#organization","name":"La For\u00eat Gourmande","url":"https:\/\/foretgourmande.fr\/","logo":{"@type":"ImageObject","inLanguage":"fr-FR","@id":"https:\/\/foretgourmande.fr\/#\/schema\/logo\/image\/","url":"https:\/\/foretgourmande.fr\/wp-content\/uploads\/2023\/09\/logo-1024x1024.png","contentUrl":"https:\/\/foretgourmande.fr\/wp-content\/uploads\/2023\/09\/logo-1024x1024.png","width":1024,"height":1024,"caption":"La For\u00eat Gourmande"},"image":{"@id":"https:\/\/foretgourmande.fr\/#\/schema\/logo\/image\/"}}]}},"uagb_featured_image_src":{"full":false,"thumbnail":false,"medium":false,"medium_large":false,"large":false,"1536x1536":false,"2048x2048":false},"uagb_author_info":{"display_name":"romeo","author_link":"https:\/\/foretgourmande.fr\/index.php\/author\/romeo\/"},"uagb_comment_info":0,"uagb_excerpt":"La p\u00e9pini\u00e8re POURQUOI ? Planter des for\u00eats \u00e0 manger, produire des calories alimentaires \u00e0 partir de paysages bois\u00e9s s&#8217;accompagne d&#8217;une multitude de bienfaits (productions alimentaires, retour de la biodiversit\u00e9, protection des sols, att\u00e9nuation des probl\u00e9matiques climatiques\u2026). Cette mission de cr\u00e9ation de for\u00eats \u00e0 manger est soutenue par la production de plants et par notre p\u00e9pini\u00e8re\u2026","_links":{"self":[{"href":"https:\/\/foretgourmande.fr\/index.php\/wp-json\/wp\/v2\/pages\/448","targetHints":{"allow":["GET"]}}],"collection":[{"href":"https:\/\/foretgourmande.fr\/index.php\/wp-json\/wp\/v2\/pages"}],"about":[{"href":"https:\/\/foretgourmande.fr\/index.php\/wp-json\/wp\/v2\/types\/page"}],"author":[{"embeddable":true,"href":"https:\/\/foretgourmande.fr\/index.php\/wp-json\/wp\/v2\/users\/2"}],"replies":[{"embeddable":true,"href":"https:\/\/foretgourmande.fr\/index.php\/wp-json\/wp\/v2\/comments?post=448"}],"version-history":[{"count":0,"href":"https:\/\/foretgourmande.fr\/index.php\/wp-json\/wp\/v2\/pages\/448\/revisions"}],"wp:attachment":[{"href":"https:\/\/foretgourmande.fr\/index.php\/wp-json\/wp\/v2\/media?parent=448"}],"curies":[{"name":"wp","href":"https:\/\/api.w.org\/{rel}","templated":true}]}}